{"id":1445,"date":"2025-12-04T09:59:42","date_gmt":"2025-12-04T07:59:42","guid":{"rendered":"https:\/\/ulsklubas.lt\/?page_id=1445"},"modified":"2025-12-04T14:01:53","modified_gmt":"2025-12-04T12:01:53","slug":"pasados-langines","status":"publish","type":"page","link":"https:\/\/ulsklubas.lt\/es\/pasados-langines\/","title":{"rendered":"Pasados langin\u0117s"},"content":{"rendered":"\t\t<div data-elementor-type=\"wp-page\" data-elementor-id=\"1445\" class=\"elementor elementor-1445 elementor-958\" data-elementor-post-type=\"page\">\n\t\t\t\t<div class=\"elementor-element elementor-element-1b0bc3c e-flex e-con-boxed elementor-invisible e-con e-parent\" data-id=\"1b0bc3c\" data-element_type=\"container\" data-settings=\"{&quot;background_background&quot;:&quot;classic&quot;,&quot;animation&quot;:&quot;fadeIn&quot;}\">\n\t\t\t\t\t<div class=\"e-con-inner\">\n\t\t<div class=\"elementor-element elementor-element-60a54da e-con-full e-flex e-con e-child\" data-id=\"60a54da\" data-element_type=\"container\">\n\t\t\t\t<div class=\"elementor-element elementor-element-21cc2e5 elementor-widget__width-initial elementor-widget-tablet__width-inherit elementor-widget elementor-widget-heading\" data-id=\"21cc2e5\" data-element_type=\"widget\" data-widget_type=\"heading.default\">\n\t\t\t\t<div class=\"elementor-widget-container\">\n\t\t\t\t\t<h2 class=\"elementor-heading-title elementor-size-default\">pasados LANGIN\u0116S<\/h2>\t\t\t\t<\/div>\n\t\t\t\t<\/div>\n\t\t\t\t<div class=\"elementor-element elementor-element-909ba99 elementor-widget elementor-widget-ucaddon_post_grid\" data-id=\"909ba99\" data-element_type=\"widget\" data-widget_type=\"ucaddon_post_grid.default\">\n\t\t\t\t<div class=\"elementor-widget-container\">\n\t\t\t\t\t\n<!-- start Post Grid -->\n\t\t<link id='font-awesome-css' href='https:\/\/ulsklubas.lt\/wp-content\/plugins\/unlimited-elements-for-elementor-premium\/assets_libraries\/font-awesome6\/fontawesome-all.min.css' type='text\/css' rel='stylesheet' >\n\t\t<link id='font-awesome-4-shim-css' href='https:\/\/ulsklubas.lt\/wp-content\/plugins\/unlimited-elements-for-elementor-premium\/assets_libraries\/font-awesome6\/fontawesome-v4-shims.min.css' type='text\/css' rel='stylesheet' >\n\n<style>\/* widget: Post Grid *\/\n\n\n\n#uc_post_grid_elementor_909ba99{\n  min-height: 1px;\n}\n\n#uc_post_grid_elementor_909ba99.uc_post_grid_style_one .uc_post_grid_style_one_wrap {\n   display:grid;\n}\n\n\n#uc_post_grid_elementor_909ba99 .uc_post_grid_style_one_item{\n  position:relative;\n}\n\n#uc_post_grid_elementor_909ba99 .uc_post_image{\n  transition:0.3s;\n  position:relative;\n  overflow:hidden;\n}\n\n#uc_post_grid_elementor_909ba99 .uc_post_image img{\n  width:100%;\n  display:block;\n  transition:0.3s;\n}\n\n\t#uc_post_grid_elementor_909ba99 .ue-item:hover .uc_post_image img    {\n      transform:scale(1.1,1.1);\n    }\n\t\n\n#uc_post_grid_elementor_909ba99 .uc_post_image_overlay{\n  position:absolute;\n  top:0px;\n  left:0px;\n  height:100%;\n  width:100%;\n  transition:0.3s;\n}\n\n#uc_post_grid_elementor_909ba99 .uc_more_btn-custom-field{\n  display:inline-block;\n  text-align:center;\n  text-decoration:none;\n  transition:0.3s;\n}\n\n#uc_post_grid_elementor_909ba99 .uc_more_btn{\n  display:block;\n  text-align:center;\n  text-decoration:none;\n  transition:0.3s;\n}\n\n.ue-grid-item-category a{\n  display:inline-block;\n  font-size:10px;\n  position: relative;\n  z-index: 1;\n}\n\n#uc_post_grid_elementor_909ba99 .ue-grid-item-posttype{\n  display:inline-block;\n  position: relative;\n  z-index: 1;\n}\n\n\n.uc_post_title{\n  font-size:21px;\n}\n\n\n#uc_post_grid_elementor_909ba99.uc_post_grid_style_one.ue-list-view .uc_content{\n flex-grow:1;\n}\n\n\n  #uc_post_grid_elementor_909ba99:not(.ue-list-view) .ue_post_grid_item{\n    display:flex;\n    flex-direction:column;\n  }\n  \n  #uc_post_grid_elementor_909ba99.uc_post_grid_style_one:not(.ue-list-view) .uc_content{\n   flex-grow:1;\n  }\n\n  #uc_post_grid_elementor_909ba99.uc_post_grid_style_one .uc_content > div{\n    height:100%;\n    display:flex;\n    flex-direction:column;\n    justify-content: space-between;  }\n\n    #uc_post_grid_elementor_909ba99 .uc_post_button   {\n     margin-top:auto;\n   }\n  \n\n\n\n\n\n\n\n\n\n\n\n\n\/*  for grid\/list layout switcher*\/\n\t#uc_post_grid_elementor_909ba99.ue-list-view .uc_post_grid_style_one_item {\n     display:flex;  \n     flex-direction:row;\n    }\n    #uc_post_grid_elementor_909ba99.ue-list-view .uc_post_grid_style_one_item > div{\n     width:50%;\n    }\n   \n    #uc_post_grid_elementor_909ba99.ue-list-view .uc_content    {\n      display:flex;\n      flex-direction:column;\n      justify-content:center;\n    }\n \n\/*  for grid\/list layout switcher*\/\n\n#uc_post_grid_elementor_909ba99 .ue-meta-data{  \n  display:flex !important;\n  flex-wrap: wrap;\n  line-height:1em;\n}\n\n#uc_post_grid_elementor_909ba99 .ue-grid-item-meta-data{\n  display:inline-flex;\n  align-items:center;\n}\n\n#uc_post_grid_elementor_909ba99 .ue-grid-item-meta-data a{\n  color:inherit;\n}\n\n.ue-grid-item-meta-data{\n  font-size:12px;\n}\n\n#uc_post_grid_elementor_909ba99 .ue-grid-item-meta-data-icon{\n  line-height:1em;\n}\n\n#uc_post_grid_elementor_909ba99 .ue-grid-item-meta-data-icon svg{\n  width:1em;\n  height:1em;\n}\n\n#uc_post_grid_elementor_909ba99 .ue-debug-meta{\n  padding:10px;\n  border:1px solid red;\n  position:relative;\n  line-height:1.5em;\n  font-size:11px;\n  width:100%;\n}\n\n#uc_post_grid_elementor_909ba99 .uc_btn_inner{\n  display:inline-flex;\n  align-items:center;\n  pointer-events:none;\n}\n\n#uc_post_grid_elementor_909ba99 .uc_btn_inner svg{\n  width:1em;\n  height:1em;\n}\n#uc_post_grid_elementor_909ba99 .ue_p_title{\n  pointer-events:none;\n}\n\n\n#uc_post_grid_elementor_909ba99 .uc_content_inner{\n  width: 100%;\n}\n\n\n#uc_post_grid_elementor_909ba99 .view-switcher-button{\n  display: flex;\n  align-items: center;\n}\n\n#uc_post_grid_elementor_909ba99 .view-switcher-icon{\n  display: flex;\n  align-items: center;\n  line-height: 1;\n  cursor: pointer;\n  transition: all .3s ease;\n}\n\n#uc_post_grid_elementor_909ba99 .view-switcher-icon svg{\n  height:1em;\n  width:1em;\n}\n\n#uc_post_grid_elementor_909ba99 .view-switcher-icon.ue-hidden{\n  display: none;\n}\n\n\n#uc_post_grid_elementor_909ba99_item1 [href=\"javascript:void(0)\"]{\n  cursor: unset;\n}\n\n\n#uc_post_grid_elementor_909ba99_item2 [href=\"javascript:void(0)\"]{\n  cursor: unset;\n}\n\n\n#uc_post_grid_elementor_909ba99_item3 [href=\"javascript:void(0)\"]{\n  cursor: unset;\n}\n\n\n<\/style>\n\n<div class=\"uc_post_grid_style_one \" id=\"uc_post_grid_elementor_909ba99\"  >\n  \t\n  <div class=\"uc_post_grid_style_one_wrap ue_post_grid uc-items-wrapper ue-woo-grid\">\n\t\t\t\n\n\n\n\n<div id=\"uc_post_grid_elementor_909ba99_item1\" class=\"uc_post_grid_style_one_item ue_post_grid_item ue-item \">\n  \n      <a class=\"uc_post_grid_style_one_image \" href='https:\/\/ulsklubas.lt\/es\/2025-uju-ziemos-langinese-per-80-pasaulio-lietuviu\/' target=\"_self\">\n     <div class=\"uc_post_image\">\n       <img loading=\"lazy\" decoding=\"async\" src=\"https:\/\/ulsklubas.lt\/wp-content\/uploads\/2026\/02\/WhatsApp-Image-2026-02-02-at-13.41.50.jpeg\"  src=\"https:\/\/ulsklubas.lt\/wp-content\/uploads\/2026\/02\/WhatsApp-Image-2026-02-02-at-13.41.50.jpeg\" alt=\"WhatsApp-Image-2026-02-02-at-13.41.50\" width=\"1600\" height=\"900\">\n       <div class=\"uc_post_image_overlay\"><\/div>\n     <\/div>\n    <\/a>\n   \n  <div class=\"uc_content\">\n    <div class=\"uc_content_inner\">\n      <div class=\"uc_content-info-wrapper\" >\n                \n                            \n        <div class=\"uc_post_title\"><a class=\"\" href='https:\/\/ulsklubas.lt\/es\/2025-uju-ziemos-langinese-per-80-pasaulio-lietuviu\/' target=\"_self\"><div class=\"ue_p_title\">2025-\u0173j\u0173 \u017diemos Langin\u0117se \u2013 per 80 pasaulio lietuvi\u0173<\/div><\/a><\/div>\t\n                 \n          <div class=\"ue-meta-data\">\n            \n                \t    \n                \n        \n\t\n                \n                \n                \n                \n    \t\t\t\n      \n            \n  <\/div>\t\n        \t<div class=\"uc_post_text\">T\u0119siant tradicij\u0105 pasaulio lietuviams kasmet susitikti, renginio organizatoriai Pasaulio lietuvi\u0173 jaunimo...<\/div>\n     \n                   \n                         \n                                              \n      <\/div>                      \n            <div class=\"uc_post_button\">\n        \n        <a class=\"uc_more_btn \" target=\"_blank\" href='https:\/\/ulsklubas.lt\/es\/2025-uju-ziemos-langinese-per-80-pasaulio-lietuviu\/'>\n          <div class=\"uc_btn_inner\">\n            <div class=\"uc_btn_txt\">M\u00e1s informaci\u00f3n<\/div>\n                      <\/div>\n      \t<\/a>\n        \n                \n      <\/div>                           \n \t<\/div>  <\/div>      \n        \n<\/div>\n\n\n\n\n\n<div id=\"uc_post_grid_elementor_909ba99_item2\" class=\"uc_post_grid_style_one_item ue_post_grid_item ue-item \">\n  \n      <a class=\"uc_post_grid_style_one_image \" href='https:\/\/ulsklubas.lt\/es\/ziemos-langines-2024-uzsienio-lietuviu-jaunimo-vakaras\/' target=\"_self\">\n     <div class=\"uc_post_image\">\n       <img loading=\"lazy\" decoding=\"async\" src=\"https:\/\/ulsklubas.lt\/wp-content\/uploads\/2025\/11\/488659393_1085264526969866_6342949601519668572_n.jpg\"  src=\"https:\/\/ulsklubas.lt\/wp-content\/uploads\/2025\/11\/488659393_1085264526969866_6342949601519668572_n.jpg\" alt=\"488659393_1085264526969866_6342949601519668572_n\" width=\"2048\" height=\"1717\">\n       <div class=\"uc_post_image_overlay\"><\/div>\n     <\/div>\n    <\/a>\n   \n  <div class=\"uc_content\">\n    <div class=\"uc_content_inner\">\n      <div class=\"uc_content-info-wrapper\" >\n                \n                            \n        <div class=\"uc_post_title\"><a class=\"\" href='https:\/\/ulsklubas.lt\/es\/ziemos-langines-2024-uzsienio-lietuviu-jaunimo-vakaras\/' target=\"_self\"><div class=\"ue_p_title\">\u017diemos Langin\u0117s 2024 \u2013 u\u017esienio lietuvi\u0173 jaunimo vakaras!<\/div><\/a><\/div>\t\n                 \n          <div class=\"ue-meta-data\">\n            \n                \t    \n                \n        \n\t\n                \n                \n                \n                \n    \t\t\t\n      \n            \n  <\/div>\t\n        \t<div class=\"uc_post_text\">Gruod\u017eio 26 d. susitikome jaukiame ir \u0161iltame Paviljone, kur m\u016bs\u0173 bendruomen\u0117s dvasia dar kart\u0105 spind\u0117jo...<\/div>\n     \n                   \n                         \n                                              \n      <\/div>                      \n            <div class=\"uc_post_button\">\n        \n        <a class=\"uc_more_btn \" target=\"_blank\" href='https:\/\/ulsklubas.lt\/es\/ziemos-langines-2024-uzsienio-lietuviu-jaunimo-vakaras\/'>\n          <div class=\"uc_btn_inner\">\n            <div class=\"uc_btn_txt\">M\u00e1s informaci\u00f3n<\/div>\n                      <\/div>\n      \t<\/a>\n        \n                \n      <\/div>                           \n \t<\/div>  <\/div>      \n        \n<\/div>\n\n\n\n\n\n<div id=\"uc_post_grid_elementor_909ba99_item3\" class=\"uc_post_grid_style_one_item ue_post_grid_item ue-item \">\n  \n      <a class=\"uc_post_grid_style_one_image \" href='https:\/\/ulsklubas.lt\/es\/atgarsiai-is-vasaros-langiniu\/' target=\"_self\">\n     <div class=\"uc_post_image\">\n       <img loading=\"lazy\" decoding=\"async\" src=\"https:\/\/ulsklubas.lt\/wp-content\/uploads\/2025\/11\/485145143_1069211021916158_4635353623356526492_n.jpg\"  src=\"https:\/\/ulsklubas.lt\/wp-content\/uploads\/2025\/11\/485145143_1069211021916158_4635353623356526492_n.jpg\" alt=\"485145143_1069211021916158_4635353623356526492_n\" width=\"2048\" height=\"1152\">\n       <div class=\"uc_post_image_overlay\"><\/div>\n     <\/div>\n    <\/a>\n   \n  <div class=\"uc_content\">\n    <div class=\"uc_content_inner\">\n      <div class=\"uc_content-info-wrapper\" >\n                \n                            \n        <div class=\"uc_post_title\"><a class=\"\" href='https:\/\/ulsklubas.lt\/es\/atgarsiai-is-vasaros-langiniu\/' target=\"_self\"><div class=\"ue_p_title\">Atgarsiai i\u0161 vasaros Langini\u0173!<\/div><\/a><\/div>\t\n                 \n          <div class=\"ue-meta-data\">\n            \n                \t    \n                \n        \n\t\n                \n                \n                \n                \n    \t\t\t\n      \n            \n  <\/div>\t\n        \t<div class=\"uc_post_text\">Simboli\u0161ka, nes mintyse ir planuose jau atidarin\u0117jame \u017eiemos Langines, \u012f kurias kviesime visus pasaulio...<\/div>\n     \n                   \n                         \n                                              \n      <\/div>                      \n            <div class=\"uc_post_button\">\n        \n        <a class=\"uc_more_btn \" target=\"_blank\" href='https:\/\/ulsklubas.lt\/es\/atgarsiai-is-vasaros-langiniu\/'>\n          <div class=\"uc_btn_inner\">\n            <div class=\"uc_btn_txt\">M\u00e1s informaci\u00f3n<\/div>\n                      <\/div>\n      \t<\/a>\n        \n                \n      <\/div>                           \n \t<\/div>  <\/div>      \n        \n<\/div>\n\n\t\t<\/div>\n\t<\/div>\n\n\n\n  <div id=\"uc_post_grid_elementor_909ba99_empty_message\" class=\"ue-no-posts-found\"  style=\"display:none\" >No posts found<\/div>\n\n\n<!-- end Post Grid -->\t\t\t\t<\/div>\n\t\t\t\t<\/div>\n\t\t\t\t<\/div>\n\t\t\t\t\t<\/div>\n\t\t\t\t<\/div>\n\t\t\t\t<\/div>\n\t\t","protected":false},"excerpt":{"rendered":"<p>pasados LANGIN\u0116S \u017diemos Langin\u0117s 2024 \u2013 u\u017esienio lietuvi\u0173 jaunimo vakaras! Gruod\u017eio 26 d. susitikome jaukiame ir \u0161iltame Paviljone, kur m\u016bs\u0173 [&hellip;]<\/p>\n","protected":false},"author":2,"featured_media":0,"parent":0,"menu_order":0,"comment_status":"closed","ping_status":"closed","template":"","meta":{"_acf_changed":false,"site-sidebar-layout":"no-sidebar","site-content-layout":"plain-container","ast-site-content-layout":"full-width-container","site-content-style":"default","site-sidebar-style":"default","ast-global-header-display":"","ast-banner-title-visibility":"","ast-main-header-display":"","ast-hfb-above-header-display":"","ast-hfb-below-header-display":"","ast-hfb-mobile-header-display":"","site-post-title":"","ast-breadcrumbs-content":"","ast-featured-img":"disabled","footer-sml-layout":"","theme-transparent-header-meta":"enabled","adv-header-id-meta":"","stick-header-meta":"","header-above-stick-meta":"","header-main-stick-meta":"","header-below-stick-meta":"","astra-migrate-meta-layouts":"set","ast-page-background-enabled":"default","ast-page-background-meta":{"desktop":{"background-color":"var(--ast-global-color-5)","background-image":"","background-repeat":"repeat","background-position":"center center","background-size":"auto","background-attachment":"scroll","background-type":"","background-media":"","overlay-type":"","overlay-color":"","overlay-opacity":"","overlay-gradient":""},"tablet":{"background-color":"","background-image":"","background-repeat":"repeat","background-position":"center center","background-size":"auto","background-attachment":"scroll","background-type":"","background-media":"","overlay-type":"","overlay-color":"","overlay-opacity":"","overlay-gradient":""},"mobile":{"background-color":"","background-image":"","background-repeat":"repeat","background-position":"center center","background-size":"auto","background-attachment":"scroll","background-type":"","background-media":"","overlay-type":"","overlay-color":"","overlay-opacity":"","overlay-gradient":""}},"ast-content-background-meta":{"desktop":{"background-color":"var(--ast-global-color-4)","background-image":"","background-repeat":"repeat","background-position":"center center","background-size":"auto","background-attachment":"scroll","background-type":"","background-media":"","overlay-type":"","overlay-color":"","overlay-opacity":"","overlay-gradient":""},"tablet":{"background-color":"var(--ast-global-color-4)","background-image":"","background-repeat":"repeat","background-position":"center center","background-size":"auto","background-attachment":"scroll","background-type":"","background-media":"","overlay-type":"","overlay-color":"","overlay-opacity":"","overlay-gradient":""},"mobile":{"background-color":"var(--ast-global-color-4)","background-image":"","background-repeat":"repeat","background-position":"center center","background-size":"auto","background-attachment":"scroll","background-type":"","background-media":"","overlay-type":"","overlay-color":"","overlay-opacity":"","overlay-gradient":""}},"footnotes":""},"class_list":["post-1445","page","type-page","status-publish","hentry"],"acf":[],"yoast_head":"<!-- This site is optimized with the Yoast SEO Premium plugin v26.9 (Yoast SEO v26.9) - https:\/\/yoast.com\/product\/yoast-seo-premium-wordpress\/ -->\n<title>Pasados langin\u0117s - ULSK<\/title>\n<meta name=\"robots\" content=\"index, follow, max-snippet:-1, max-image-preview:large, max-video-preview:-1\" \/>\n<link rel=\"canonical\" href=\"https:\/\/ulsklubas.lt\/es\/pasados-langines\/\" \/>\n<meta property=\"og:locale\" content=\"es_ES\" \/>\n<meta property=\"og:type\" content=\"article\" \/>\n<meta property=\"og:title\" content=\"Pasados langin\u0117s\" \/>\n<meta property=\"og:description\" content=\"pasados LANGIN\u0116S \u017diemos Langin\u0117s 2024 \u2013 u\u017esienio lietuvi\u0173 jaunimo vakaras! Gruod\u017eio 26 d. susitikome jaukiame ir \u0161iltame Paviljone, kur m\u016bs\u0173 [&hellip;]\" \/>\n<meta property=\"og:url\" content=\"https:\/\/ulsklubas.lt\/es\/pasados-langines\/\" \/>\n<meta property=\"og:site_name\" content=\"ULSK\" \/>\n<meta property=\"article:publisher\" content=\"https:\/\/www.facebook.com\/ULSKlubas\/\" \/>\n<meta property=\"article:modified_time\" content=\"2025-12-04T12:01:53+00:00\" \/>\n<meta property=\"og:image\" content=\"https:\/\/ulsklubas.lt\/wp-content\/uploads\/2025\/11\/488659393_1085264526969866_6342949601519668572_n.jpg\" \/>\n<meta name=\"twitter:card\" content=\"summary_large_image\" \/>\n<script type=\"application\/ld+json\" class=\"yoast-schema-graph\">{\"@context\":\"https:\/\/schema.org\",\"@graph\":[{\"@type\":\"WebPage\",\"@id\":\"https:\/\/ulsklubas.lt\/es\/pasados-langines\/\",\"url\":\"https:\/\/ulsklubas.lt\/es\/pasados-langines\/\",\"name\":\"Pasados langin\u0117s - ULSK\",\"isPartOf\":{\"@id\":\"https:\/\/ulsklubas.lt\/#website\"},\"primaryImageOfPage\":{\"@id\":\"https:\/\/ulsklubas.lt\/es\/pasados-langines\/#primaryimage\"},\"image\":{\"@id\":\"https:\/\/ulsklubas.lt\/es\/pasados-langines\/#primaryimage\"},\"thumbnailUrl\":\"https:\/\/ulsklubas.lt\/wp-content\/uploads\/2025\/11\/488659393_1085264526969866_6342949601519668572_n.jpg\",\"datePublished\":\"2025-12-04T07:59:42+00:00\",\"dateModified\":\"2025-12-04T12:01:53+00:00\",\"breadcrumb\":{\"@id\":\"https:\/\/ulsklubas.lt\/es\/pasados-langines\/#breadcrumb\"},\"inLanguage\":\"es\",\"potentialAction\":[{\"@type\":\"ReadAction\",\"target\":[\"https:\/\/ulsklubas.lt\/es\/pasados-langines\/\"]}]},{\"@type\":\"ImageObject\",\"inLanguage\":\"es\",\"@id\":\"https:\/\/ulsklubas.lt\/es\/pasados-langines\/#primaryimage\",\"url\":\"https:\/\/ulsklubas.lt\/wp-content\/uploads\/2025\/11\/488659393_1085264526969866_6342949601519668572_n.jpg\",\"contentUrl\":\"https:\/\/ulsklubas.lt\/wp-content\/uploads\/2025\/11\/488659393_1085264526969866_6342949601519668572_n.jpg\"},{\"@type\":\"BreadcrumbList\",\"@id\":\"https:\/\/ulsklubas.lt\/es\/pasados-langines\/#breadcrumb\",\"itemListElement\":[{\"@type\":\"ListItem\",\"position\":1,\"name\":\"Home\",\"item\":\"https:\/\/ulsklubas.lt\/\"},{\"@type\":\"ListItem\",\"position\":2,\"name\":\"Pasados langin\u0117s\"}]},{\"@type\":\"WebSite\",\"@id\":\"https:\/\/ulsklubas.lt\/#website\",\"url\":\"https:\/\/ulsklubas.lt\/\",\"name\":\"ULSK\",\"description\":\"\u010cIA RENKASI VISO PASAULIO JAUNIMAS, GR\u012e\u017d\u0118S \u012e T\u0116VYN\u0118!\",\"publisher\":{\"@id\":\"https:\/\/ulsklubas.lt\/#organization\"},\"potentialAction\":[{\"@type\":\"SearchAction\",\"target\":{\"@type\":\"EntryPoint\",\"urlTemplate\":\"https:\/\/ulsklubas.lt\/?s={search_term_string}\"},\"query-input\":{\"@type\":\"PropertyValueSpecification\",\"valueRequired\":true,\"valueName\":\"search_term_string\"}}],\"inLanguage\":\"es\"},{\"@type\":\"Organization\",\"@id\":\"https:\/\/ulsklubas.lt\/#organization\",\"name\":\"ULSK\",\"url\":\"https:\/\/ulsklubas.lt\/\",\"logo\":{\"@type\":\"ImageObject\",\"inLanguage\":\"es\",\"@id\":\"https:\/\/ulsklubas.lt\/#\/schema\/logo\/image\/\",\"url\":\"https:\/\/ulsklubas.lt\/wp-content\/uploads\/2025\/11\/cropped-ico.png\",\"contentUrl\":\"https:\/\/ulsklubas.lt\/wp-content\/uploads\/2025\/11\/cropped-ico.png\",\"width\":512,\"height\":512,\"caption\":\"ULSK\"},\"image\":{\"@id\":\"https:\/\/ulsklubas.lt\/#\/schema\/logo\/image\/\"},\"sameAs\":[\"https:\/\/www.facebook.com\/ULSKlubas\/\"]}]}<\/script>\n<!-- \/ Yoast SEO Premium plugin. -->","yoast_head_json":{"title":"Pasados langin\u0117s - ULSK","robots":{"index":"index","follow":"follow","max-snippet":"max-snippet:-1","max-image-preview":"max-image-preview:large","max-video-preview":"max-video-preview:-1"},"canonical":"https:\/\/ulsklubas.lt\/es\/pasados-langines\/","og_locale":"es_ES","og_type":"article","og_title":"Pasados langin\u0117s","og_description":"pasados LANGIN\u0116S \u017diemos Langin\u0117s 2024 \u2013 u\u017esienio lietuvi\u0173 jaunimo vakaras! Gruod\u017eio 26 d. susitikome jaukiame ir \u0161iltame Paviljone, kur m\u016bs\u0173 [&hellip;]","og_url":"https:\/\/ulsklubas.lt\/es\/pasados-langines\/","og_site_name":"ULSK","article_publisher":"https:\/\/www.facebook.com\/ULSKlubas\/","article_modified_time":"2025-12-04T12:01:53+00:00","og_image":[{"url":"https:\/\/ulsklubas.lt\/wp-content\/uploads\/2025\/11\/488659393_1085264526969866_6342949601519668572_n.jpg","type":"","width":"","height":""}],"twitter_card":"summary_large_image","schema":{"@context":"https:\/\/schema.org","@graph":[{"@type":"WebPage","@id":"https:\/\/ulsklubas.lt\/es\/pasados-langines\/","url":"https:\/\/ulsklubas.lt\/es\/pasados-langines\/","name":"Pasados langin\u0117s - ULSK","isPartOf":{"@id":"https:\/\/ulsklubas.lt\/#website"},"primaryImageOfPage":{"@id":"https:\/\/ulsklubas.lt\/es\/pasados-langines\/#primaryimage"},"image":{"@id":"https:\/\/ulsklubas.lt\/es\/pasados-langines\/#primaryimage"},"thumbnailUrl":"https:\/\/ulsklubas.lt\/wp-content\/uploads\/2025\/11\/488659393_1085264526969866_6342949601519668572_n.jpg","datePublished":"2025-12-04T07:59:42+00:00","dateModified":"2025-12-04T12:01:53+00:00","breadcrumb":{"@id":"https:\/\/ulsklubas.lt\/es\/pasados-langines\/#breadcrumb"},"inLanguage":"es","potentialAction":[{"@type":"ReadAction","target":["https:\/\/ulsklubas.lt\/es\/pasados-langines\/"]}]},{"@type":"ImageObject","inLanguage":"es","@id":"https:\/\/ulsklubas.lt\/es\/pasados-langines\/#primaryimage","url":"https:\/\/ulsklubas.lt\/wp-content\/uploads\/2025\/11\/488659393_1085264526969866_6342949601519668572_n.jpg","contentUrl":"https:\/\/ulsklubas.lt\/wp-content\/uploads\/2025\/11\/488659393_1085264526969866_6342949601519668572_n.jpg"},{"@type":"BreadcrumbList","@id":"https:\/\/ulsklubas.lt\/es\/pasados-langines\/#breadcrumb","itemListElement":[{"@type":"ListItem","position":1,"name":"Home","item":"https:\/\/ulsklubas.lt\/"},{"@type":"ListItem","position":2,"name":"Pasados langin\u0117s"}]},{"@type":"WebSite","@id":"https:\/\/ulsklubas.lt\/#website","url":"https:\/\/ulsklubas.lt\/","name":"ULSK","description":"\u010cIA RENKASI VISO PASAULIO JAUNIMAS, GR\u012e\u017d\u0118S \u012e T\u0116VYN\u0118!","publisher":{"@id":"https:\/\/ulsklubas.lt\/#organization"},"potentialAction":[{"@type":"SearchAction","target":{"@type":"EntryPoint","urlTemplate":"https:\/\/ulsklubas.lt\/?s={search_term_string}"},"query-input":{"@type":"PropertyValueSpecification","valueRequired":true,"valueName":"search_term_string"}}],"inLanguage":"es"},{"@type":"Organization","@id":"https:\/\/ulsklubas.lt\/#organization","name":"ULSK","url":"https:\/\/ulsklubas.lt\/","logo":{"@type":"ImageObject","inLanguage":"es","@id":"https:\/\/ulsklubas.lt\/#\/schema\/logo\/image\/","url":"https:\/\/ulsklubas.lt\/wp-content\/uploads\/2025\/11\/cropped-ico.png","contentUrl":"https:\/\/ulsklubas.lt\/wp-content\/uploads\/2025\/11\/cropped-ico.png","width":512,"height":512,"caption":"ULSK"},"image":{"@id":"https:\/\/ulsklubas.lt\/#\/schema\/logo\/image\/"},"sameAs":["https:\/\/www.facebook.com\/ULSKlubas\/"]}]}},"_links":{"self":[{"href":"https:\/\/ulsklubas.lt\/es\/wp-json\/wp\/v2\/pages\/1445","targetHints":{"allow":["GET"]}}],"collection":[{"href":"https:\/\/ulsklubas.lt\/es\/wp-json\/wp\/v2\/pages"}],"about":[{"href":"https:\/\/ulsklubas.lt\/es\/wp-json\/wp\/v2\/types\/page"}],"author":[{"embeddable":true,"href":"https:\/\/ulsklubas.lt\/es\/wp-json\/wp\/v2\/users\/2"}],"replies":[{"embeddable":true,"href":"https:\/\/ulsklubas.lt\/es\/wp-json\/wp\/v2\/comments?post=1445"}],"version-history":[{"count":4,"href":"https:\/\/ulsklubas.lt\/es\/wp-json\/wp\/v2\/pages\/1445\/revisions"}],"predecessor-version":[{"id":1450,"href":"https:\/\/ulsklubas.lt\/es\/wp-json\/wp\/v2\/pages\/1445\/revisions\/1450"}],"wp:attachment":[{"href":"https:\/\/ulsklubas.lt\/es\/wp-json\/wp\/v2\/media?parent=1445"}],"curies":[{"name":"wp","href":"https:\/\/api.w.org\/{rel}","templated":true}]}}