{"id":1455,"date":"2025-12-04T11:11:26","date_gmt":"2025-12-04T09:11:26","guid":{"rendered":"https:\/\/ulsklubas.lt\/?page_id=1455"},"modified":"2026-02-09T11:42:30","modified_gmt":"2026-02-09T09:42:30","slug":"become-a-member","status":"publish","type":"page","link":"https:\/\/ulsklubas.lt\/en\/become-a-member\/","title":{"rendered":"Become a member"},"content":{"rendered":"\t\t<div data-elementor-type=\"wp-page\" data-elementor-id=\"1455\" class=\"elementor elementor-1455 elementor-1015\" data-elementor-post-type=\"page\">\n\t\t\t\t<div data-dce-background-color=\"#A70808\" data-dce-background-overlay-color=\"#000000\" data-dce-background-image-url=\"https:\/\/ulsklubas.lt\/wp-content\/uploads\/2026\/01\/WhatsApp-Image-2026-01-19-at-14.13.42.jpeg\" class=\"elementor-element elementor-element-f8f3f06 e-flex e-con-boxed elementor-invisible e-con e-parent\" data-id=\"f8f3f06\" data-element_type=\"container\" data-settings=\"{&quot;background_background&quot;:&quot;classic&quot;,&quot;animation&quot;:&quot;fadeIn&quot;}\">\n\t\t\t\t\t<div class=\"e-con-inner\">\n\t\t<div class=\"elementor-element elementor-element-ba75b09 e-con-full e-flex e-con e-child\" data-id=\"ba75b09\" data-element_type=\"container\">\n\t\t\t\t<div class=\"elementor-element elementor-element-0ef3315 elementor-widget__width-initial elementor-widget-tablet__width-inherit elementor-widget elementor-widget-heading\" data-id=\"0ef3315\" data-element_type=\"widget\" data-widget_type=\"heading.default\">\n\t\t\t\t<div class=\"elementor-widget-container\">\n\t\t\t\t\t<h2 class=\"elementor-heading-title elementor-size-default\">BECOME A <span class=\"vv-accent\">MEMBER<\/span><\/h2>\t\t\t\t<\/div>\n\t\t\t\t<\/div>\n\t\t\t\t<\/div>\n\t\t\t\t\t<\/div>\n\t\t\t\t<\/div>\n\t\t<div class=\"elementor-element elementor-element-632454c e-con-full e-flex elementor-invisible e-con e-parent\" data-id=\"632454c\" data-element_type=\"container\" id=\"uzklausos-forma\" data-settings=\"{&quot;animation&quot;:&quot;fadeIn&quot;}\">\n\t\t<div class=\"elementor-element elementor-element-13630c0e e-con-full e-transform e-flex e-con e-child\" data-id=\"13630c0e\" data-element_type=\"container\" data-settings=\"{&quot;position&quot;:&quot;absolute&quot;,&quot;_transform_translateX_effect&quot;:{&quot;unit&quot;:&quot;%&quot;,&quot;size&quot;:50,&quot;sizes&quot;:[]},&quot;_transform_translateX_effect_laptop&quot;:{&quot;unit&quot;:&quot;%&quot;,&quot;size&quot;:&quot;&quot;,&quot;sizes&quot;:[]},&quot;_transform_translateX_effect_tablet&quot;:{&quot;unit&quot;:&quot;%&quot;,&quot;size&quot;:&quot;&quot;,&quot;sizes&quot;:[]},&quot;_transform_translateX_effect_mobile&quot;:{&quot;unit&quot;:&quot;%&quot;,&quot;size&quot;:&quot;&quot;,&quot;sizes&quot;:[]},&quot;_transform_translateY_effect&quot;:{&quot;unit&quot;:&quot;%&quot;,&quot;size&quot;:50,&quot;sizes&quot;:[]},&quot;_transform_translateY_effect_laptop&quot;:{&quot;unit&quot;:&quot;%&quot;,&quot;size&quot;:&quot;&quot;,&quot;sizes&quot;:[]},&quot;_transform_translateY_effect_tablet&quot;:{&quot;unit&quot;:&quot;%&quot;,&quot;size&quot;:&quot;&quot;,&quot;sizes&quot;:[]},&quot;_transform_translateY_effect_mobile&quot;:{&quot;unit&quot;:&quot;%&quot;,&quot;size&quot;:&quot;&quot;,&quot;sizes&quot;:[]}}\">\n\t\t\t\t<\/div>\n\t\t<div class=\"elementor-element elementor-element-2ede8e e-con-full e-flex e-con e-child\" data-id=\"2ede8e\" data-element_type=\"container\" data-settings=\"{&quot;background_background&quot;:&quot;classic&quot;}\">\n\t\t\t\t<div class=\"elementor-element elementor-element-50efd698 elementor-widget elementor-widget-heading\" data-id=\"50efd698\" data-element_type=\"widget\" data-widget_type=\"heading.default\">\n\t\t\t\t<div class=\"elementor-widget-container\">\n\t\t\t\t\t<h2 class=\"elementor-heading-title elementor-size-default\">Registration form<\/h2>\t\t\t\t<\/div>\n\t\t\t\t<\/div>\n\t\t\t\t<div class=\"elementor-element elementor-element-54590a96 elementor-widget elementor-widget-text-editor\" data-id=\"54590a96\" data-element_type=\"widget\" data-widget_type=\"text-editor.default\">\n\t\t\t\t<div class=\"elementor-widget-container\">\n\t\t\t\t\t\t\t\t\tFill out the form:\n\t\t\t\t\t\t\t\t<\/div>\n\t\t\t\t<\/div>\n\t\t<div class=\"elementor-element elementor-element-3f3fc696 e-con-full e-flex e-con e-child\" data-id=\"3f3fc696\" data-element_type=\"container\">\n\t\t\t\t<div class=\"elementor-element elementor-element-2d725b79 elementor-button-align-start elementor-widget elementor-widget-form\" data-id=\"2d725b79\" data-element_type=\"widget\" data-settings=\"{&quot;step_next_label&quot;:&quot;Next&quot;,&quot;step_previous_label&quot;:&quot;Previous&quot;,&quot;button_width&quot;:&quot;100&quot;,&quot;step_type&quot;:&quot;number_text&quot;,&quot;step_icon_shape&quot;:&quot;circle&quot;}\" data-widget_type=\"form.default\">\n\t\t\t\t<div class=\"elementor-widget-container\">\n\t\t\t\t\t\t\t<form class=\"elementor-form\" method=\"post\" name=\"U\u017eklausos forma\" aria-label=\"U\u017eklausos forma\">\n\t\t\t<input type=\"hidden\" name=\"post_id\" value=\"1455\"\/>\n\t\t\t<input type=\"hidden\" name=\"form_id\" value=\"2d725b79\"\/>\n\t\t\t<input type=\"hidden\" name=\"referer_title\" value=\"Become a member - ULSK\" \/>\n\n\t\t\t\t\t\t\t<input type=\"hidden\" name=\"queried_id\" value=\"1455\"\/>\n\t\t\t\n\t\t\t<div class=\"elementor-form-fields-wrapper elementor-labels-above\">\n\t\t\t\t\t\t\t\t<div class=\"elementor-field-type-text elementor-field-group elementor-column elementor-field-group-vardas_ir_pavarde elementor-col-100 elementor-md-100 elementor-field-required elementor-mark-required\">\n\t\t\t\t\t\t\t\t\t\t\t\t<label for=\"form-field-vardas_ir_pavarde\" class=\"elementor-field-label\">\n\t\t\t\t\t\t\t\tName and surname\t\t\t\t\t\t\t<\/label>\n\t\t\t\t\t\t\t\t\t\t\t\t\t\t<input size=\"1\" type=\"text\" name=\"form_fields[vardas_ir_pavarde]\" id=\"form-field-vardas_ir_pavarde\" class=\"elementor-field elementor-size-lg  elementor-field-textual\" placeholder=\"Enter your name and surname\" required=\"required\">\n\t\t\t\t\t\t\t\t\t\t\t<\/div>\n\t\t\t\t\t\t\t\t<div class=\"elementor-field-type-tel elementor-field-group elementor-column elementor-field-group-telefonas elementor-col-50 elementor-md-100 elementor-field-required elementor-mark-required\">\n\t\t\t\t\t\t\t\t\t\t\t\t<label for=\"form-field-telefonas\" class=\"elementor-field-label\">\n\t\t\t\t\t\t\t\tPhone number\t\t\t\t\t\t\t<\/label>\n\t\t\t\t\t\t\t\t<input size=\"1\" type=\"tel\" name=\"form_fields[telefonas]\" id=\"form-field-telefonas\" class=\"elementor-field elementor-size-lg  elementor-field-textual\" placeholder=\"Enter your phone number\" required=\"required\" pattern=\"[0-9()#&amp;+*-=.]+\" title=\"Only numbers and phone characters (#, -, *, etc) are accepted.\">\n\n\t\t\t\t\t\t<\/div>\n\t\t\t\t\t\t\t\t<div class=\"elementor-field-type-email elementor-field-group elementor-column elementor-field-group-elektroninis_pastas elementor-col-50 elementor-md-100 elementor-field-required elementor-mark-required\">\n\t\t\t\t\t\t\t\t\t\t\t\t<label for=\"form-field-elektroninis_pastas\" class=\"elementor-field-label\">\n\t\t\t\t\t\t\t\tEmail\t\t\t\t\t\t\t<\/label>\n\t\t\t\t\t\t\t\t\t\t\t\t\t\t<input size=\"1\" type=\"email\" name=\"form_fields[elektroninis_pastas]\" id=\"form-field-elektroninis_pastas\" class=\"elementor-field elementor-size-lg  elementor-field-textual\" placeholder=\"Enter your email address\" required=\"required\">\n\t\t\t\t\t\t\t\t\t\t\t<\/div>\n\t\t\t\t\t\t\t\t<div class=\"elementor-field-type-text elementor-field-group elementor-column elementor-field-group-salis elementor-col-100 elementor-field-required elementor-mark-required\">\n\t\t\t\t\t\t\t\t\t\t\t\t<label for=\"form-field-salis\" class=\"elementor-field-label\">\n\t\t\t\t\t\t\t\tCountry\t\t\t\t\t\t\t<\/label>\n\t\t\t\t\t\t\t\t\t\t\t\t\t\t<input size=\"1\" type=\"text\" name=\"form_fields[salis]\" id=\"form-field-salis\" class=\"elementor-field elementor-size-lg  elementor-field-textual\" placeholder=\"What country are you from?\" required=\"required\">\n\t\t\t\t\t\t\t\t\t\t\t<\/div>\n\t\t\t\t\t\t\t\t<div class=\"elementor-field-type-textarea elementor-field-group elementor-column elementor-field-group-papildoma_informacija elementor-col-100 elementor-md-100\">\n\t\t\t\t\t\t\t\t\t\t\t\t<label for=\"form-field-papildoma_informacija\" class=\"elementor-field-label\">\n\t\t\t\t\t\t\t\tAdditional information\t\t\t\t\t\t\t<\/label>\n\t\t\t\t\t\t<textarea class=\"elementor-field-textual elementor-field  elementor-size-lg\" name=\"form_fields[papildoma_informacija]\" id=\"form-field-papildoma_informacija\" rows=\"6\"><\/textarea>\t\t\t\t<\/div>\n\t\t\t\t\t\t\t\t<div class=\"elementor-field-type-recaptcha_v3 elementor-field-group elementor-column elementor-field-group-field_fb984ec elementor-col-100 recaptcha_v3-bottomright\">\n\t\t\t\t\t<div class=\"elementor-field\" id=\"form-field-field_fb984ec\"><div class=\"elementor-g-recaptcha\" data-sitekey=\"6LcKeGUsAAAAAFSlHcNMAiTlGE9Bw-RMdGieytKS\" data-type=\"v3\" data-action=\"Form\" data-badge=\"bottomright\" data-size=\"invisible\"><\/div><\/div>\t\t\t\t<\/div>\n\t\t\t\t\t\t\t\t<div class=\"elementor-field-group elementor-column elementor-field-type-submit elementor-col-100 e-form__buttons\">\n\t\t\t\t\t<button class=\"elementor-button elementor-size-sm\" type=\"submit\">\n\t\t\t\t\t\t<span class=\"elementor-button-content-wrapper\">\n\t\t\t\t\t\t\t\t\t\t\t\t\t\t\t\t\t\t\t\t\t\t<span class=\"elementor-button-text\">SEND<\/span>\n\t\t\t\t\t\t\t\t\t\t\t\t\t<\/span>\n\t\t\t\t\t<\/button>\n\t\t\t\t<\/div>\n\t\t\t<\/div>\n\t\t<\/form>\n\t\t\t\t\t\t<\/div>\n\t\t\t\t<\/div>\n\t\t\t\t<\/div>\n\t\t\t\t<\/div>\n\t\t\t\t<\/div>\n\t\t\t\t<\/div>\n\t\t","protected":false},"excerpt":{"rendered":"<p>BECOME A MEMBER Registration form Fill out the form:<\/p>\n","protected":false},"author":2,"featured_media":0,"parent":0,"menu_order":0,"comment_status":"closed","ping_status":"closed","template":"","meta":{"_acf_changed":false,"site-sidebar-layout":"no-sidebar","site-content-layout":"plain-container","ast-site-content-layout":"full-width-container","site-content-style":"default","site-sidebar-style":"default","ast-global-header-display":"","ast-banner-title-visibility":"","ast-main-header-display":"","ast-hfb-above-header-display":"","ast-hfb-below-header-display":"","ast-hfb-mobile-header-display":"","site-post-title":"disabled","ast-breadcrumbs-content":"","ast-featured-img":"disabled","footer-sml-layout":"","theme-transparent-header-meta":"enabled","adv-header-id-meta":"","stick-header-meta":"","header-above-stick-meta":"","header-main-stick-meta":"","header-below-stick-meta":"","astra-migrate-meta-layouts":"set","ast-page-background-enabled":"default","ast-page-background-meta":{"desktop":{"background-color":"var(--ast-global-color-5)","background-image":"","background-repeat":"repeat","background-position":"center center","background-size":"auto","background-attachment":"scroll","background-type":"","background-media":"","overlay-type":"","overlay-color":"","overlay-opacity":"","overlay-gradient":""},"tablet":{"background-color":"","background-image":"","background-repeat":"repeat","background-position":"center center","background-size":"auto","background-attachment":"scroll","background-type":"","background-media":"","overlay-type":"","overlay-color":"","overlay-opacity":"","overlay-gradient":""},"mobile":{"background-color":"","background-image":"","background-repeat":"repeat","background-position":"center center","background-size":"auto","background-attachment":"scroll","background-type":"","background-media":"","overlay-type":"","overlay-color":"","overlay-opacity":"","overlay-gradient":""}},"ast-content-background-meta":{"desktop":{"background-color":"var(--ast-global-color-4)","background-image":"","background-repeat":"repeat","background-position":"center center","background-size":"auto","background-attachment":"scroll","background-type":"","background-media":"","overlay-type":"","overlay-color":"","overlay-opacity":"","overlay-gradient":""},"tablet":{"background-color":"var(--ast-global-color-4)","background-image":"","background-repeat":"repeat","background-position":"center center","background-size":"auto","background-attachment":"scroll","background-type":"","background-media":"","overlay-type":"","overlay-color":"","overlay-opacity":"","overlay-gradient":""},"mobile":{"background-color":"var(--ast-global-color-4)","background-image":"","background-repeat":"repeat","background-position":"center center","background-size":"auto","background-attachment":"scroll","background-type":"","background-media":"","overlay-type":"","overlay-color":"","overlay-opacity":"","overlay-gradient":""}},"footnotes":""},"class_list":["post-1455","page","type-page","status-publish","hentry"],"acf":[],"yoast_head":"<!-- This site is optimized with the Yoast SEO Premium plugin v26.9 (Yoast SEO v26.9) - https:\/\/yoast.com\/product\/yoast-seo-premium-wordpress\/ -->\n<title>Become a member - ULSK<\/title>\n<meta name=\"robots\" content=\"index, follow, max-snippet:-1, max-image-preview:large, max-video-preview:-1\" \/>\n<link rel=\"canonical\" href=\"https:\/\/ulsklubas.lt\/en\/become-a-member\/\" \/>\n<meta property=\"og:locale\" content=\"en_US\" \/>\n<meta property=\"og:type\" content=\"article\" \/>\n<meta property=\"og:title\" content=\"Become a member\" \/>\n<meta property=\"og:description\" content=\"BECOME A MEMBER Registration form Fill out the form:\" \/>\n<meta property=\"og:url\" content=\"https:\/\/ulsklubas.lt\/en\/become-a-member\/\" \/>\n<meta property=\"og:site_name\" content=\"ULSK\" \/>\n<meta property=\"article:publisher\" content=\"https:\/\/www.facebook.com\/ULSKlubas\/\" \/>\n<meta property=\"article:modified_time\" content=\"2026-02-09T09:42:30+00:00\" \/>\n<meta property=\"og:image\" content=\"https:\/\/ulsklubas.lt\/wp-content\/uploads\/2025\/11\/ulsk-logo.png\" \/>\n\t<meta property=\"og:image:width\" content=\"363\" \/>\n\t<meta property=\"og:image:height\" content=\"369\" \/>\n\t<meta property=\"og:image:type\" content=\"image\/png\" \/>\n<meta name=\"twitter:card\" content=\"summary_large_image\" \/>\n<script type=\"application\/ld+json\" class=\"yoast-schema-graph\">{\"@context\":\"https:\/\/schema.org\",\"@graph\":[{\"@type\":\"WebPage\",\"@id\":\"https:\/\/ulsklubas.lt\/en\/become-a-member\/\",\"url\":\"https:\/\/ulsklubas.lt\/en\/become-a-member\/\",\"name\":\"Become a member - ULSK\",\"isPartOf\":{\"@id\":\"https:\/\/ulsklubas.lt\/#website\"},\"datePublished\":\"2025-12-04T09:11:26+00:00\",\"dateModified\":\"2026-02-09T09:42:30+00:00\",\"breadcrumb\":{\"@id\":\"https:\/\/ulsklubas.lt\/en\/become-a-member\/#breadcrumb\"},\"inLanguage\":\"en-US\",\"potentialAction\":[{\"@type\":\"ReadAction\",\"target\":[\"https:\/\/ulsklubas.lt\/en\/become-a-member\/\"]}]},{\"@type\":\"BreadcrumbList\",\"@id\":\"https:\/\/ulsklubas.lt\/en\/become-a-member\/#breadcrumb\",\"itemListElement\":[{\"@type\":\"ListItem\",\"position\":1,\"name\":\"Home\",\"item\":\"https:\/\/ulsklubas.lt\/\"},{\"@type\":\"ListItem\",\"position\":2,\"name\":\"Become a member\"}]},{\"@type\":\"WebSite\",\"@id\":\"https:\/\/ulsklubas.lt\/#website\",\"url\":\"https:\/\/ulsklubas.lt\/\",\"name\":\"ULSK\",\"description\":\"\u010cIA RENKASI VISO PASAULIO JAUNIMAS, GR\u012e\u017d\u0118S \u012e T\u0116VYN\u0118!\",\"publisher\":{\"@id\":\"https:\/\/ulsklubas.lt\/#organization\"},\"potentialAction\":[{\"@type\":\"SearchAction\",\"target\":{\"@type\":\"EntryPoint\",\"urlTemplate\":\"https:\/\/ulsklubas.lt\/?s={search_term_string}\"},\"query-input\":{\"@type\":\"PropertyValueSpecification\",\"valueRequired\":true,\"valueName\":\"search_term_string\"}}],\"inLanguage\":\"en-US\"},{\"@type\":\"Organization\",\"@id\":\"https:\/\/ulsklubas.lt\/#organization\",\"name\":\"ULSK\",\"url\":\"https:\/\/ulsklubas.lt\/\",\"logo\":{\"@type\":\"ImageObject\",\"inLanguage\":\"en-US\",\"@id\":\"https:\/\/ulsklubas.lt\/#\/schema\/logo\/image\/\",\"url\":\"https:\/\/ulsklubas.lt\/wp-content\/uploads\/2025\/11\/cropped-ico.png\",\"contentUrl\":\"https:\/\/ulsklubas.lt\/wp-content\/uploads\/2025\/11\/cropped-ico.png\",\"width\":512,\"height\":512,\"caption\":\"ULSK\"},\"image\":{\"@id\":\"https:\/\/ulsklubas.lt\/#\/schema\/logo\/image\/\"},\"sameAs\":[\"https:\/\/www.facebook.com\/ULSKlubas\/\"]}]}<\/script>\n<!-- \/ Yoast SEO Premium plugin. -->","yoast_head_json":{"title":"Become a member - ULSK","robots":{"index":"index","follow":"follow","max-snippet":"max-snippet:-1","max-image-preview":"max-image-preview:large","max-video-preview":"max-video-preview:-1"},"canonical":"https:\/\/ulsklubas.lt\/en\/become-a-member\/","og_locale":"en_US","og_type":"article","og_title":"Become a member","og_description":"BECOME A MEMBER Registration form Fill out the form:","og_url":"https:\/\/ulsklubas.lt\/en\/become-a-member\/","og_site_name":"ULSK","article_publisher":"https:\/\/www.facebook.com\/ULSKlubas\/","article_modified_time":"2026-02-09T09:42:30+00:00","og_image":[{"width":363,"height":369,"url":"https:\/\/ulsklubas.lt\/wp-content\/uploads\/2025\/11\/ulsk-logo.png","type":"image\/png"}],"twitter_card":"summary_large_image","schema":{"@context":"https:\/\/schema.org","@graph":[{"@type":"WebPage","@id":"https:\/\/ulsklubas.lt\/en\/become-a-member\/","url":"https:\/\/ulsklubas.lt\/en\/become-a-member\/","name":"Become a member - ULSK","isPartOf":{"@id":"https:\/\/ulsklubas.lt\/#website"},"datePublished":"2025-12-04T09:11:26+00:00","dateModified":"2026-02-09T09:42:30+00:00","breadcrumb":{"@id":"https:\/\/ulsklubas.lt\/en\/become-a-member\/#breadcrumb"},"inLanguage":"en-US","potentialAction":[{"@type":"ReadAction","target":["https:\/\/ulsklubas.lt\/en\/become-a-member\/"]}]},{"@type":"BreadcrumbList","@id":"https:\/\/ulsklubas.lt\/en\/become-a-member\/#breadcrumb","itemListElement":[{"@type":"ListItem","position":1,"name":"Home","item":"https:\/\/ulsklubas.lt\/"},{"@type":"ListItem","position":2,"name":"Become a member"}]},{"@type":"WebSite","@id":"https:\/\/ulsklubas.lt\/#website","url":"https:\/\/ulsklubas.lt\/","name":"ULSK","description":"\u010cIA RENKASI VISO PASAULIO JAUNIMAS, GR\u012e\u017d\u0118S \u012e T\u0116VYN\u0118!","publisher":{"@id":"https:\/\/ulsklubas.lt\/#organization"},"potentialAction":[{"@type":"SearchAction","target":{"@type":"EntryPoint","urlTemplate":"https:\/\/ulsklubas.lt\/?s={search_term_string}"},"query-input":{"@type":"PropertyValueSpecification","valueRequired":true,"valueName":"search_term_string"}}],"inLanguage":"en-US"},{"@type":"Organization","@id":"https:\/\/ulsklubas.lt\/#organization","name":"ULSK","url":"https:\/\/ulsklubas.lt\/","logo":{"@type":"ImageObject","inLanguage":"en-US","@id":"https:\/\/ulsklubas.lt\/#\/schema\/logo\/image\/","url":"https:\/\/ulsklubas.lt\/wp-content\/uploads\/2025\/11\/cropped-ico.png","contentUrl":"https:\/\/ulsklubas.lt\/wp-content\/uploads\/2025\/11\/cropped-ico.png","width":512,"height":512,"caption":"ULSK"},"image":{"@id":"https:\/\/ulsklubas.lt\/#\/schema\/logo\/image\/"},"sameAs":["https:\/\/www.facebook.com\/ULSKlubas\/"]}]}},"_links":{"self":[{"href":"https:\/\/ulsklubas.lt\/en\/wp-json\/wp\/v2\/pages\/1455","targetHints":{"allow":["GET"]}}],"collection":[{"href":"https:\/\/ulsklubas.lt\/en\/wp-json\/wp\/v2\/pages"}],"about":[{"href":"https:\/\/ulsklubas.lt\/en\/wp-json\/wp\/v2\/types\/page"}],"author":[{"embeddable":true,"href":"https:\/\/ulsklubas.lt\/en\/wp-json\/wp\/v2\/users\/2"}],"replies":[{"embeddable":true,"href":"https:\/\/ulsklubas.lt\/en\/wp-json\/wp\/v2\/comments?post=1455"}],"version-history":[{"count":16,"href":"https:\/\/ulsklubas.lt\/en\/wp-json\/wp\/v2\/pages\/1455\/revisions"}],"predecessor-version":[{"id":2556,"href":"https:\/\/ulsklubas.lt\/en\/wp-json\/wp\/v2\/pages\/1455\/revisions\/2556"}],"wp:attachment":[{"href":"https:\/\/ulsklubas.lt\/en\/wp-json\/wp\/v2\/media?parent=1455"}],"curies":[{"name":"wp","href":"https:\/\/api.w.org\/{rel}","templated":true}]}}